{"id":398,"date":"2020-04-28T11:34:17","date_gmt":"2020-04-28T09:34:17","guid":{"rendered":"http:\/\/shortwaysolution.com\/cms\/?page_id=398"},"modified":"2026-03-26T19:05:14","modified_gmt":"2026-03-26T18:05:14","slug":"solution","status":"publish","type":"page","link":"https:\/\/shortwaysolution.com\/cms\/solution\/","title":{"rendered":"Solution"},"content":{"rendered":"<section class=\"wpb-content-wrapper\"><p>[vc_row overlap=&#8221;top&#8221;][vc_column]\n\t\t\t<!-- START solution REVOLUTION SLIDER 6.7.7 --><p class=\"rs-p-wp-fix\"><\/p>\n\t\t\t<rs-module-wrap id=\"rev_slider_6_1_wrapper\" data-source=\"gallery\" style=\"visibility:hidden;background:transparent;padding:0;margin:0px auto;margin-top:0;margin-bottom:0;\">\n\t\t\t\t<rs-module id=\"rev_slider_6_1\" style=\"\" data-version=\"6.7.7\">\n\t\t\t\t\t<rs-slides style=\"overflow: hidden; position: absolute;\">\n\t\t\t\t\t\t<rs-slide style=\"position: absolute;\" data-key=\"rs-6\" data-title=\"Slide\" data-in=\"o:0;\" data-out=\"a:false;\">\n\t\t\t\t\t\t\t<img decoding=\"async\" src=\"\/\/shortwaysolution.com\/cms\/wp-content\/plugins\/revslider677n\/sr6\/assets\/assets\/dummy.png\" alt=\"\" title=\"header_solution4l\" width=\"1593\" height=\"452\" class=\"rev-slidebg tp-rs-img rs-lazyload\" data-lazyload=\"\/\/shortwaysolution.com\/cms\/wp-content\/uploads\/2026\/03\/header_solution4l.jpg\" data-no-retina>\n<!---->\t\t\t\t\t<\/rs-slide>\n\t\t\t\t\t<\/rs-slides>\n\t\t\t\t<\/rs-module>\n\t\t\t\t<script>\n\t\t\t\t\tsetREVStartSize({c: 'rev_slider_6_1',rl:[1600,1024,778,480],el:[415],gw:[1399],gh:[415],type:'standard',justify:'',layout:'fullwidth',mh:\"0\"});if (window.RS_MODULES!==undefined && window.RS_MODULES.modules!==undefined && window.RS_MODULES.modules[\"revslider61\"]!==undefined) {window.RS_MODULES.modules[\"revslider61\"].once = false;window.revapi6 = undefined;if (window.RS_MODULES.checkMinimal!==undefined) window.RS_MODULES.checkMinimal()}\n\t\t\t\t<\/script>\n\t\t\t<\/rs-module-wrap>\n\t\t\t<!-- END REVOLUTION SLIDER -->\n[\/vc_column][\/vc_row][vc_row][vc_column][wyde_heading style=&#8221;3&#8243; text_align=&#8221;left&#8221; title=&#8221;Solution&#8221;][wyde_separator el_width=&#8221;100%&#8221; color=&#8221;#dd3333&#8243;][vc_column_text]Top Positionen in Unternehmen zu besetzen, ist eine der anspruchsvollsten T\u00e4tigkeiten und unsere Expertise.<\/p>\n<p><strong>Mit vollem Engagement unterst\u00fctzen wir Sie dabei:<\/strong><\/p>\n<p>Wir bilden ein Vertrauensverh\u00e4ltnis zum Unternehmen, kennen die Organisation und die Bed\u00fcrfnisse.<\/p>\n<p>Kern unserer Arbeit bei der erfolgreichen Besetzung von Fachspezialisten aller Bereiche ist die pr\u00e4zise Beurteilung der Mandanten. Hierbei legen wir vor allem Wert auf Fachkompetenzen, Pers\u00f6nlichkeit, F\u00fchrungspotenzial und Wertevorstellungen hinsichtlich auf das jeweils konkrete Anforderungsprofil.<\/p>\n<p>Wir spielen als Mittler zwischen Mandant und Unternehmen auch in der kritischen Phase der Vertragsverhandlungen eine zentrale Rolle.<\/p>\n<p>Im Rahmen der Zusammenarbeit bauen wir ein Vertrauensverh\u00e4ltnis zu den umworbenen Mandanten auf. Wir kennen daher die Erwartungen und Einstellungen des Wunschmandanten bez\u00fcglich des n\u00e4chsten Karriereschritts und bringen unser Wissen sensibel in die Diskussion mit ein.<\/p>\n<p>Die Zusammenarbeit mit uns ist pers\u00f6nlich und diskret. Wir gew\u00e4hrleisten Kontinuit\u00e4t in Unternehmens- &amp; Mandantenbeziehungen.[\/vc_column_text][vc_empty_space height=&#8221;50px&#8221;][\/vc_column][\/vc_row][vc_row][vc_column][wyde_heading title_tag=&#8221;h1&#8243; style=&#8221;3&#8243; text_align=&#8221;left&#8221; title=&#8221;Zusammenarbeit mit Short Way Solution&#8221;][wyde_separator el_width=&#8221;100%&#8221; color=&#8221;#dd3333&#8243;][vc_row_inner][vc_column_inner width=&#8221;1\/2&#8243;]            <div class=\"oxi-addons-container noLightbox oxi-image-hover-wrapper-9 \" id=\"oxi-image-hover-wrapper-9\">\r\n                <div class=\"oxi-addons-row\">\r\n                                <div class=\"oxi-image-hover-style oxi-bt-col-lg-12 oxi-bt-col-md-12 oxi-bt-col-sm-12  \"  >\r\n                <div class=\"oxi-image-hover-style-flipbox\">\r\n                                            <div class=\"oxi-image-hover oxi-image-flipbox-hover oxi-image-flipbox-hover-style-4 oxi-image-flipbox-hover-9-20\">\r\n                            <div class=\"oxi-image-hover-figure oxi-image-flip-left-to-right \">\r\n                                <div class=\"oxi-image-hover-figure-frontend\">\r\n                                    <div class=\"oxi-image-hover-figure-front-section  image-hover-align-bottom-center\">\r\n                                                                            <\/div>\r\n                                <\/div>\r\n                                <div class=\"oxi-image-hover-figure-backend\">\r\n                                    <div class=\"oxi-image-hover-figure-back-section image-hover-align-bottom-center\">\r\n                                                    \r\n                                    <\/div>\r\n                                <\/div>\r\n                            <\/div>\r\n                        <\/div>\r\n                                        <\/div> \r\n                            <\/div>  \r\n                            <\/div>\r\n            <\/div>\r\n        [vc_empty_space height=&#8221;20px&#8221;][vc_column_text]<\/p>\n<h4 class=\"heading-title\">Als Mandant<\/h4>\n<p><strong>Sie sind auf der Suche nach einer neuen Herausforderung oder wollen den n\u00e4chsten Karriere Schritt wagen?<\/strong><\/p>\n<hr \/>\n<p>&nbsp;<\/p>\n<p>Wir begleiten und unterst\u00fctzen Sie bei der Vorbereitung, w\u00e4hrend und nach Ihrem Bewerbungsprozess.<\/p>\n<p>Gerne stehen wir Ihnen auch nach den Gesch\u00e4ftszeiten mit Rat und Tat zur Seite. Wir kennen die wirtschaftliche Situation, den aktuellen Markt und wissen worauf es ankommt.<\/p>\n<p>Wir beantworten Ihnen Ihre Fragen und bereiten Sie auf das Vorstellungsgespr\u00e4ch vor.<\/p>\n<p>Mit uns an Ihrer Seite\u00a0 f\u00fchlen Sie sich sicher und bestm\u00f6glich gewappnet um den Bewerbungsprozess erfolgreich zu meistern.[\/vc_column_text][\/vc_column_inner][vc_column_inner width=&#8221;1\/2&#8243;]            <div class=\"oxi-addons-container noLightbox oxi-image-hover-wrapper-10 \" id=\"oxi-image-hover-wrapper-10\">\r\n                <div class=\"oxi-addons-row\">\r\n                                <div class=\"oxi-image-hover-style oxi-bt-col-lg-12 oxi-bt-col-md-12 oxi-bt-col-sm-12  \"  >\r\n                <div class=\"oxi-image-hover-style-flipbox\">\r\n                                            <div class=\"oxi-image-hover oxi-image-flipbox-hover oxi-image-flipbox-hover-style-4 oxi-image-flipbox-hover-10-21\">\r\n                            <div class=\"oxi-image-hover-figure oxi-image-flip-left-to-right \">\r\n                                <div class=\"oxi-image-hover-figure-frontend\">\r\n                                    <div class=\"oxi-image-hover-figure-front-section  image-hover-align-bottom-center\">\r\n                                                                            <\/div>\r\n                                <\/div>\r\n                                <div class=\"oxi-image-hover-figure-backend\">\r\n                                    <div class=\"oxi-image-hover-figure-back-section image-hover-align-bottom-center\">\r\n                                                    \r\n                                    <\/div>\r\n                                <\/div>\r\n                            <\/div>\r\n                        <\/div>\r\n                                        <\/div> \r\n                            <\/div>  \r\n                            <\/div>\r\n            <\/div>\r\n        [vc_empty_space height=&#8221;20px&#8221;][vc_column_text]<\/p>\n<h4 class=\"heading-title\">Als Unternehmen<\/h4>\n<p><strong>F\u00fcr Ihr Unternehmen suchen Sie nach einem neuen Spezialisten, welcher die n\u00f6tigen Fachkenntnisse mitbringt und auch pers\u00f6nlich zu Ihrem Team passt?<\/strong><\/p>\n<hr \/>\n<p>&nbsp;<\/p>\n<p>Durch unsere jahrelange Erfahrung und erfolgreiche Unternehmensbeziehungen stellen wir Ihnen geeignete Mandanten vor, welche Ihre Anspr\u00fcche erf\u00fcllen und Sie sowohl fachlich als auch pers\u00f6nlich \u00fcberzeugen.<\/p>\n<p>Die andauernde Verbindung zu den Unternehmen, auch nach Vertragsabschluss, ist einer der Gr\u00fcnde, weshalb unsere Beratungst\u00e4tigkeit haupts\u00e4chlich auf Folgeauftr\u00e4ge langfristig zufriedener Unternehmen zur\u00fcckgeht.<\/p>\n<p>Sie vertrauen auf unsere Integrit\u00e4t unsere langj\u00e4hrige Erfahrung und unser K\u00f6nnen.[\/vc_column_text][\/vc_column_inner][\/vc_row_inner][vc_empty_space height=&#8221;50px&#8221;][\/vc_column][\/vc_row][vc_row disable_element=&#8221;yes&#8221;][vc_column][vc_column_text]<\/p>\n<h6><strong>F\u00fcr eine gute und erfolgreiche Zusammenarbeit nehmen Sie gerne Kontakt mit uns auf.<\/strong><\/h6>\n<p>[\/vc_column_text][wyde_heading style=&#8221;7&#8243; text_align=&#8221;left&#8221; title=&#8221;Unsere Fachkompetenz umfasst folgende Gesch\u00e4ftsbereiche&#8221;][vc_empty_space height=&#8221;60px&#8221;][vc_row_inner][vc_column_inner width=&#8221;1\/4&#8243;][vc_column_text]\n        <div class=\"hib-container\" style=\"width:100%; height: 200px;\">\n            <div class=\"hib-text-container\">\n                <div class=\"hib-text-table\">\n                    <div class=\"hib-text-table-cell\">\n                        <div class=\"title\"><h3>Digitalisierung<\/h3><\/div>\n                        <div class=\"subtitle\">Nehmen Sie Kontakt mit uns auf<br \/>\n\u2022 f\u00fcr Kandidatensuche<br \/>\n\u2022 f\u00fcr Ihren n\u00e4chsten Karriereschritt<\/div>\n                        <a class=\"link\"  href=\"https:\/\/shortwaysolution.com\/cms\/solution\/form-digitalisierung\"><\/a>\n                    <\/div>\n                <\/div>\n            <\/div>\n            <img decoding=\"async\" src=\"https:\/\/shortwaysolution.com\/cms\/wp-content\/uploads\/2020\/05\/solutionBG.jpg\"\/>\n        <\/div>\n    [\/vc_column_text][\/vc_column_inner][vc_column_inner width=&#8221;1\/4&#8243;][vc_column_text]\n        <div class=\"hib-container\" style=\"width:100%; height: 200px;\">\n            <div class=\"hib-text-container\">\n                <div class=\"hib-text-table\">\n                    <div class=\"hib-text-table-cell\">\n                        <div class=\"title\"><h3>Cloud<\/h3><\/div>\n                        <div class=\"subtitle\">Nehmen Sie Kontakt mit uns auf<br \/>\n\u2022 f\u00fcr Kandidatensuche<br \/>\n\u2022 f\u00fcr Ihren n\u00e4chsten Karriereschritt<\/div>\n                        <a class=\"link\"  href=\"https:\/\/shortwaysolution.com\/cms\/solution\/form-cloud\"><\/a>\n                    <\/div>\n                <\/div>\n            <\/div>\n            <img decoding=\"async\" src=\"https:\/\/shortwaysolution.com\/cms\/wp-content\/uploads\/2020\/05\/solutionBG.jpg\"\/>\n        <\/div>\n    [\/vc_column_text][\/vc_column_inner][vc_column_inner width=&#8221;1\/4&#8243;][vc_column_text]\n        <div class=\"hib-container\" style=\"width:100%; height: 200px;\">\n            <div class=\"hib-text-container\">\n                <div class=\"hib-text-table\">\n                    <div class=\"hib-text-table-cell\">\n                        <div class=\"title\"><h3>IoT - Internet of Things<\/h3><\/div>\n                        <div class=\"subtitle\">Nehmen Sie Kontakt mit uns auf<br \/>\n\u2022 f\u00fcr Kandidatensuche<br \/>\n\u2022 f\u00fcr Ihren n\u00e4chsten Karriereschritt<\/div>\n                        <a class=\"link\"  href=\"https:\/\/shortwaysolution.com\/cms\/solution\/form-iot-internet-of-things\"><\/a>\n                    <\/div>\n                <\/div>\n            <\/div>\n            <img decoding=\"async\" src=\"https:\/\/shortwaysolution.com\/cms\/wp-content\/uploads\/2020\/05\/solutionBG.jpg\"\/>\n        <\/div>\n    [\/vc_column_text][\/vc_column_inner][vc_column_inner width=&#8221;1\/4&#8243;][vc_column_text]\n        <div class=\"hib-container\" style=\"width:100%; height: 200px;\">\n            <div class=\"hib-text-container\">\n                <div class=\"hib-text-table\">\n                    <div class=\"hib-text-table-cell\">\n                        <div class=\"title\"><h3>IIoT - Industrial Internet of Things<\/h3><\/div>\n                        <div class=\"subtitle\">Nehmen Sie Kontakt mit uns auf<br \/>\n\u2022 f\u00fcr Kandidatensuche<br \/>\n\u2022 f\u00fcr Ihren n\u00e4chsten Karriereschritt<\/div>\n                        <a class=\"link\"  href=\"https:\/\/shortwaysolution.com\/cms\/solution\/form-iiot-industrial-internet-of-things\"><\/a>\n                    <\/div>\n                <\/div>\n            <\/div>\n            <img decoding=\"async\" src=\"https:\/\/shortwaysolution.com\/cms\/wp-content\/uploads\/2020\/05\/solutionBG.jpg\"\/>\n        <\/div>\n    [\/vc_column_text][\/vc_column_inner][\/vc_row_inner][vc_empty_space][vc_row_inner][vc_column_inner width=&#8221;1\/4&#8243;][vc_column_text]\n        <div class=\"hib-container\" style=\"width:100%; height: 200px;\">\n            <div class=\"hib-text-container\">\n                <div class=\"hib-text-table\">\n                    <div class=\"hib-text-table-cell\">\n                        <div class=\"title\"><h3>IT- Infrastruktur<\/h3><\/div>\n                        <div class=\"subtitle\">Nehmen Sie Kontakt mit uns auf<br \/>\n\u2022 f\u00fcr Kandidatensuche<br \/>\n\u2022 f\u00fcr Ihren n\u00e4chsten Karriereschritt<\/div>\n                        <a class=\"link\"  href=\"https:\/\/shortwaysolution.com\/cms\/solution\/form-it-infrastruktur\"><\/a>\n                    <\/div>\n                <\/div>\n            <\/div>\n            <img decoding=\"async\" src=\"https:\/\/shortwaysolution.com\/cms\/wp-content\/uploads\/2020\/04\/dark-background-texture-of-beech-hd.jpg\"\/>\n        <\/div>\n    [\/vc_column_text][\/vc_column_inner][vc_column_inner width=&#8221;1\/4&#8243;][vc_column_text]\n        <div class=\"hib-container\" style=\"width:100%; height: 200px;\">\n            <div class=\"hib-text-container\">\n                <div class=\"hib-text-table\">\n                    <div class=\"hib-text-table-cell\">\n                        <div class=\"title\"><h3>Information Security<\/h3><\/div>\n                        <div class=\"subtitle\">Nehmen Sie Kontakt mit uns auf<br \/>\n\u2022 f\u00fcr Kandidatensuche<br \/>\n\u2022 f\u00fcr Ihren n\u00e4chsten Karriereschritt<\/div>\n                        <a class=\"link\"  href=\"https:\/\/shortwaysolution.com\/cms\/solution\/form-information-security\"><\/a>\n                    <\/div>\n                <\/div>\n            <\/div>\n            <img decoding=\"async\" src=\"https:\/\/shortwaysolution.com\/cms\/wp-content\/uploads\/2020\/04\/dark-background-texture-of-beech-hd.jpg\"\/>\n        <\/div>\n    [\/vc_column_text][\/vc_column_inner][vc_column_inner width=&#8221;1\/4&#8243;][vc_column_text]\n        <div class=\"hib-container\" style=\"width:100%; height: 200px;\">\n            <div class=\"hib-text-container\">\n                <div class=\"hib-text-table\">\n                    <div class=\"hib-text-table-cell\">\n                        <div class=\"title\"><h3>IT- Engineering<\/h3><\/div>\n                        <div class=\"subtitle\">Nehmen Sie Kontakt mit uns auf<br \/>\n\u2022 f\u00fcr Kandidatensuche<br \/>\n\u2022 f\u00fcr Ihren n\u00e4chsten Karriereschritt<\/div>\n                        <a class=\"link\"  href=\"https:\/\/shortwaysolution.com\/cms\/solution\/form-it-engineering\"><\/a>\n                    <\/div>\n                <\/div>\n            <\/div>\n            <img decoding=\"async\" src=\"https:\/\/shortwaysolution.com\/cms\/wp-content\/uploads\/2020\/04\/dark-background-texture-of-beech-hd.jpg\"\/>\n        <\/div>\n    [\/vc_column_text][\/vc_column_inner][vc_column_inner width=&#8221;1\/4&#8243;][vc_column_text]\n        <div class=\"hib-container\" style=\"width:100%; height: 200px;\">\n            <div class=\"hib-text-container\">\n                <div class=\"hib-text-table\">\n                    <div class=\"hib-text-table-cell\">\n                        <div class=\"title\"><h3>IT- Development<\/h3><\/div>\n                        <div class=\"subtitle\">Nehmen Sie Kontakt mit uns auf<br \/>\n\u2022 f\u00fcr Kandidatensuche<br \/>\n\u2022 f\u00fcr Ihren n\u00e4chsten Karriereschritt<\/div>\n                        <a class=\"link\"  href=\"https:\/\/shortwaysolution.com\/cms\/solution\/form-it-development\"><\/a>\n                    <\/div>\n                <\/div>\n            <\/div>\n            <img decoding=\"async\" src=\"https:\/\/shortwaysolution.com\/cms\/wp-content\/uploads\/2020\/04\/dark-background-texture-of-beech-hd.jpg\"\/>\n        <\/div>\n    [\/vc_column_text][\/vc_column_inner][\/vc_row_inner][vc_empty_space][vc_row_inner][vc_column_inner width=&#8221;1\/4&#8243;][vc_column_text]\n        <div class=\"hib-container\" style=\"width:100%; height: 200px;\">\n            <div class=\"hib-text-container\">\n                <div class=\"hib-text-table\">\n                    <div class=\"hib-text-table-cell\">\n                        <div class=\"title\"><h3>S\/4Hana<\/h3><\/div>\n                        <div class=\"subtitle\">Nehmen Sie Kontakt mit uns auf<br \/>\n\u2022 f\u00fcr Kandidatensuche<br \/>\n\u2022 f\u00fcr Ihren n\u00e4chsten Karriereschritt<\/div>\n                        <a class=\"link\"  href=\"https:\/\/shortwaysolution.com\/cms\/solution\/form-s-4-hana\"><\/a>\n                    <\/div>\n                <\/div>\n            <\/div>\n            <img decoding=\"async\" src=\"https:\/\/shortwaysolution.com\/cms\/wp-content\/uploads\/2020\/05\/solutionBG.jpg\"\/>\n        <\/div>\n    [\/vc_column_text][\/vc_column_inner][vc_column_inner width=&#8221;1\/4&#8243;][vc_column_text]\n        <div class=\"hib-container\" style=\"width:100%; height: 200px;\">\n            <div class=\"hib-text-container\">\n                <div class=\"hib-text-table\">\n                    <div class=\"hib-text-table-cell\">\n                        <div class=\"title\"><h3>SAP<\/h3><\/div>\n                        <div class=\"subtitle\">Nehmen Sie Kontakt mit uns auf<br \/>\n\u2022 f\u00fcr Kandidatensuche<br \/>\n\u2022 f\u00fcr Ihren n\u00e4chsten Karriereschritt<\/div>\n                        <a class=\"link\"  href=\"https:\/\/shortwaysolution.com\/cms\/solution\/form-sap\"><\/a>\n                    <\/div>\n                <\/div>\n            <\/div>\n            <img decoding=\"async\" src=\"https:\/\/shortwaysolution.com\/cms\/wp-content\/uploads\/2020\/05\/solutionBG.jpg\"\/>\n        <\/div>\n    [\/vc_column_text][\/vc_column_inner][vc_column_inner width=&#8221;1\/4&#8243;][vc_column_text]\n        <div class=\"hib-container\" style=\"width:100%; height: 200px;\">\n            <div class=\"hib-text-container\">\n                <div class=\"hib-text-table\">\n                    <div class=\"hib-text-table-cell\">\n                        <div class=\"title\"><h3>Projekt- management<\/h3><\/div>\n                        <div class=\"subtitle\">Nehmen Sie Kontakt mit uns auf<br \/>\n\u2022 f\u00fcr Kandidatensuche<br \/>\n\u2022 f\u00fcr Ihren n\u00e4chsten Karriereschritt<\/div>\n                        <a class=\"link\"  href=\"https:\/\/shortwaysolution.com\/cms\/solution\/form-projektmanagement\"><\/a>\n                    <\/div>\n                <\/div>\n            <\/div>\n            <img decoding=\"async\" src=\"https:\/\/shortwaysolution.com\/cms\/wp-content\/uploads\/2020\/05\/solutionBG.jpg\"\/>\n        <\/div>\n    [\/vc_column_text][\/vc_column_inner][vc_column_inner width=&#8221;1\/4&#8243;][vc_column_text]\n        <div class=\"hib-container\" style=\"width:100%; height: 200px;\">\n            <div class=\"hib-text-container\">\n                <div class=\"hib-text-table\">\n                    <div class=\"hib-text-table-cell\">\n                        <div class=\"title\"><h3>Management<\/h3><\/div>\n                        <div class=\"subtitle\">Nehmen Sie Kontakt mit uns auf<br \/>\n\u2022 f\u00fcr Kandidatensuche<br \/>\n\u2022 f\u00fcr Ihren n\u00e4chsten Karriereschritt<\/div>\n                        <a class=\"link\"  href=\"https:\/\/shortwaysolution.com\/cms\/solution\/form-management\"><\/a>\n                    <\/div>\n                <\/div>\n            <\/div>\n            <img decoding=\"async\" src=\"https:\/\/shortwaysolution.com\/cms\/wp-content\/uploads\/2020\/05\/solutionBG.jpg\"\/>\n        <\/div>\n    [\/vc_column_text][\/vc_column_inner][\/vc_row_inner][vc_empty_space][vc_row_inner][vc_column_inner width=&#8221;1\/4&#8243;][vc_column_text]\n        <div class=\"hib-container\" style=\"width:100%; height: 200px;\">\n            <div class=\"hib-text-container\">\n                <div class=\"hib-text-table\">\n                    <div class=\"hib-text-table-cell\">\n                        <div class=\"title\"><h3>Abteilungsleiter<\/h3><\/div>\n                        <div class=\"subtitle\">Nehmen Sie Kontakt mit uns auf<br \/>\n\u2022 f\u00fcr Kandidatensuche<br \/>\n\u2022 f\u00fcr Ihren n\u00e4chsten Karriereschritt<\/div>\n                        <a class=\"link\"  href=\"https:\/\/shortwaysolution.com\/cms\/solution\/form-abteilungsleiter\"><\/a>\n                    <\/div>\n                <\/div>\n            <\/div>\n            <img decoding=\"async\" src=\"https:\/\/shortwaysolution.com\/cms\/wp-content\/uploads\/2020\/04\/dark-background-texture-of-beech-hd.jpg\"\/>\n        <\/div>\n    [\/vc_column_text][\/vc_column_inner][vc_column_inner width=&#8221;1\/4&#8243;][vc_column_text]\n        <div class=\"hib-container\" style=\"width:100%; height: 200px;\">\n            <div class=\"hib-text-container\">\n                <div class=\"hib-text-table\">\n                    <div class=\"hib-text-table-cell\">\n                        <div class=\"title\"><h3>HR - Human Ressources<\/h3><\/div>\n                        <div class=\"subtitle\">Nehmen Sie Kontakt mit uns auf<br \/>\n\u2022 f\u00fcr Kandidatensuche<br \/>\n\u2022 f\u00fcr Ihren n\u00e4chsten Karriereschritt<\/div>\n                        <a class=\"link\"  href=\"https:\/\/shortwaysolution.com\/cms\/solution\/form-hr-human-ressources\"><\/a>\n                    <\/div>\n                <\/div>\n            <\/div>\n            <img decoding=\"async\" src=\"https:\/\/shortwaysolution.com\/cms\/wp-content\/uploads\/2020\/04\/dark-background-texture-of-beech-hd.jpg\"\/>\n        <\/div>\n    [\/vc_column_text][\/vc_column_inner][vc_column_inner width=&#8221;1\/4&#8243;][vc_column_text]\n        <div class=\"hib-container\" style=\"width:100%; height: 200px;\">\n            <div class=\"hib-text-container\">\n                <div class=\"hib-text-table\">\n                    <div class=\"hib-text-table-cell\">\n                        <div class=\"title\"><h3>Finance\/ Controlling<\/h3><\/div>\n                        <div class=\"subtitle\">Nehmen Sie Kontakt mit uns auf<br \/>\n\u2022 f\u00fcr Kandidatensuche<br \/>\n\u2022 f\u00fcr Ihren n\u00e4chsten Karriereschritt<\/div>\n                        <a class=\"link\"  href=\"https:\/\/shortwaysolution.com\/cms\/solution\/form-finance-controlling\"><\/a>\n                    <\/div>\n                <\/div>\n            <\/div>\n            <img decoding=\"async\" src=\"https:\/\/shortwaysolution.com\/cms\/wp-content\/uploads\/2020\/04\/dark-background-texture-of-beech-hd.jpg\"\/>\n        <\/div>\n    [\/vc_column_text][\/vc_column_inner][vc_column_inner width=&#8221;1\/4&#8243;][vc_column_text]\n        <div class=\"hib-container\" style=\"width:100%; height: 200px;\">\n            <div class=\"hib-text-container\">\n                <div class=\"hib-text-table\">\n                    <div class=\"hib-text-table-cell\">\n                        <div class=\"title\"><h3>C- Level<\/h3><\/div>\n                        <div class=\"subtitle\">Nehmen Sie Kontakt mit uns auf<br \/>\n\u2022 f\u00fcr Kandidatensuche<br \/>\n\u2022 f\u00fcr Ihren n\u00e4chsten Karriereschritt<\/div>\n                        <a class=\"link\"  href=\"https:\/\/shortwaysolution.com\/cms\/solution\/form-c-level\"><\/a>\n                    <\/div>\n                <\/div>\n            <\/div>\n            <img decoding=\"async\" src=\"https:\/\/shortwaysolution.com\/cms\/wp-content\/uploads\/2020\/04\/dark-background-texture-of-beech-hd.jpg\"\/>\n        <\/div>\n    [\/vc_column_text][\/vc_column_inner][\/vc_row_inner][\/vc_column][\/vc_row]<\/p>\n<\/section>","protected":false},"excerpt":{"rendered":"<p>[vc_row overlap=&#8221;top&#8221;][vc_column][\/vc_column][\/vc_row][vc_row][vc_column][wyde_heading style=&#8221;3&#8243; text_align=&#8221;left&#8221; title=&#8221;Solution&#8221;][wyde_separator el_width=&#8221;100%&#8221; color=&#8221;#dd3333&#8243;][vc_column_text]Top Positionen in Unternehmen zu besetzen, ist eine der anspruchsvollsten T\u00e4tigkeiten und unsere Expertise. Mit vollem Engagement unterst\u00fctzen wir Sie dabei: Wir bilden ein Vertrauensverh\u00e4ltnis zum Unternehmen, kennen die Organisation und die Bed\u00fcrfnisse. Kern unserer Arbeit bei der erfolgreichen Besetzung von Fachspezialisten aller Bereiche ist die pr\u00e4zise Beurteilung der [&hellip;]<\/p>\n","protected":false},"author":1,"featured_media":0,"parent":0,"menu_order":0,"comment_status":"closed","ping_status":"closed","template":"","meta":{"footnotes":""},"class_list":["post-398","page","type-page","status-publish","hentry"],"_links":{"self":[{"href":"https:\/\/shortwaysolution.com\/cms\/wp-json\/wp\/v2\/pages\/398"}],"collection":[{"href":"https:\/\/shortwaysolution.com\/cms\/wp-json\/wp\/v2\/pages"}],"about":[{"href":"https:\/\/shortwaysolution.com\/cms\/wp-json\/wp\/v2\/types\/page"}],"author":[{"embeddable":true,"href":"https:\/\/shortwaysolution.com\/cms\/wp-json\/wp\/v2\/users\/1"}],"replies":[{"embeddable":true,"href":"https:\/\/shortwaysolution.com\/cms\/wp-json\/wp\/v2\/comments?post=398"}],"version-history":[{"count":13,"href":"https:\/\/shortwaysolution.com\/cms\/wp-json\/wp\/v2\/pages\/398\/revisions"}],"predecessor-version":[{"id":3512,"href":"https:\/\/shortwaysolution.com\/cms\/wp-json\/wp\/v2\/pages\/398\/revisions\/3512"}],"wp:attachment":[{"href":"https:\/\/shortwaysolution.com\/cms\/wp-json\/wp\/v2\/media?parent=398"}],"curies":[{"name":"wp","href":"https:\/\/api.w.org\/{rel}","templated":true}]}}