{"id":364,"date":"2020-04-28T02:34:17","date_gmt":"2020-04-28T00:34:17","guid":{"rendered":"http:\/\/shortwaysolution.com\/cms\/impressum\/"},"modified":"2020-05-14T00:35:29","modified_gmt":"2020-05-13T22:35:29","slug":"impressum","status":"publish","type":"page","link":"https:\/\/shortwaysolution.com\/cms\/impressum\/","title":{"rendered":"Impressum"},"content":{"rendered":"<section class=\"wpb-content-wrapper\"><p>[vc_row overlap=&#8221;top&#8221;][vc_column]\n\t\t\t<!-- START impressum REVOLUTION SLIDER 6.7.7 --><p class=\"rs-p-wp-fix\"><\/p>\n\t\t\t<rs-module-wrap id=\"rev_slider_8_1_wrapper\" data-source=\"gallery\" style=\"visibility:hidden;background:transparent;padding:0;margin:0px auto;margin-top:0;margin-bottom:0;\">\n\t\t\t\t<rs-module id=\"rev_slider_8_1\" style=\"\" data-version=\"6.7.7\">\n\t\t\t\t\t<rs-slides style=\"overflow: hidden; position: absolute;\">\n\t\t\t\t\t\t<rs-slide style=\"position: absolute;\" data-key=\"rs-8\" data-title=\"Slide\" data-anim=\"ms:1000;r:0;\" data-in=\"o:0;\" data-out=\"a:false;\">\n\t\t\t\t\t\t\t<img decoding=\"async\" src=\"\/\/shortwaysolution.com\/cms\/wp-content\/plugins\/revslider677n\/sr6\/assets\/assets\/dummy.png\" alt=\"\" title=\"header_impres\" width=\"1593\" height=\"452\" class=\"rev-slidebg tp-rs-img rs-lazyload\" data-lazyload=\"\/\/shortwaysolution.com\/cms\/wp-content\/uploads\/2020\/05\/header_impres.jpg\" data-no-retina>\n<!---->\t\t\t\t\t<\/rs-slide>\n\t\t\t\t\t<\/rs-slides>\n\t\t\t\t<\/rs-module>\n\t\t\t\t<script>\n\t\t\t\t\tsetREVStartSize({c: 'rev_slider_8_1',rl:[1600,1024,778,480],el:[415],gw:[1399],gh:[415],type:'standard',justify:'',layout:'fullwidth',mh:\"0\"});if (window.RS_MODULES!==undefined && window.RS_MODULES.modules!==undefined && window.RS_MODULES.modules[\"revslider81\"]!==undefined) {window.RS_MODULES.modules[\"revslider81\"].once = false;window.revapi8 = undefined;if (window.RS_MODULES.checkMinimal!==undefined) window.RS_MODULES.checkMinimal()}\n\t\t\t\t<\/script>\n\t\t\t<\/rs-module-wrap>\n\t\t\t<!-- END REVOLUTION SLIDER -->\n[\/vc_column][\/vc_row][vc_row][vc_column width=&#8221;1\/2&#8243;][vc_column_text]<strong>Short Way Solution GmbH<\/strong><br \/>\nOskar-von-Miller-Ring 1<br \/>\n80333 M\u00fcnchen<br \/>\nTel.: +49 (0)89 35 40 47 15-17<br \/>\nFax: +49 (0)89 35 40 47 19<br \/>\nE-Mail info@shortwaysolution.com<\/p>\n<p><strong>Finanzamt:<\/strong><br \/>\nSteuernummer: 144\/203\/91049<br \/>\nFinanzamt M\u00fcnchen I<br \/>\nRegistergericht M\u00fcnchen<br \/>\nHRB 223959<\/p>\n<p>[\/vc_column_text][\/vc_column][vc_column width=&#8221;1\/2&#8243;][vc_column_text]<strong>Gesch\u00e4ftsf\u00fchrung: <\/strong>Yelda Doyuran<\/p>\n<p><strong>Verantwortlich f\u00fcr Inhalt:<\/strong> Yelda Doyuran<\/p>\n<p>Plattform der Europ\u00e4ischen Kommission zur Online-Streitbeilegung (OS) f\u00fcr Verbraucher:\u00a0<a href=\"https:\/\/ec.europa.eu\/consumers\/odr\/\" target=\"_blank\" rel=\"noopener noreferrer\">https:\/\/ec.europa.eu\/consumers\/odr\/<\/a>. Wir sind nicht bereit und nicht verpflichtet an einem Streitbeilegungsverfahren vor einer Verbraucherschlichtungsstelle teilzunehmen.[\/vc_column_text][\/vc_column][\/vc_row][vc_row][vc_column][wyde_separator el_width=&#8221;100%&#8221; color=&#8221;#dd3333&#8243;][vc_empty_space][vc_column_text]<strong>Haftung f\u00fcr Inhalte:<\/strong><\/p>\n<p>Obwohl wir uns um Aktualit\u00e4t, Vollst\u00e4ndigkeit und Richtigkeit der Inhalte unserer Seiten bem\u00fchen, k\u00f6nnen wir hierf\u00fcr keine Garantie \u00fcbernehmen. Nach \u00a7 7 Absatz 1 TDG sind wir als Dienstanbieter f\u00fcr eigene Inhalte auf unseren Seiten nach den allgemeinen Gesetzen verantwortlich. Eine Verpflichtung zur \u00dcberwachung \u00fcbermittelter oder gespeicherter fremder Informationen besteht jedoch nicht (\u00a7\u00a7 8-10 TDG). Sobald uns Rechtsverst\u00f6\u00dfe bekannt werden, werden wir die entsprechenden Inhalte umgehend entfernen. Eine dahingehende Haftung wird jedoch erst ab dem Zeitpunkt der Kenntnis konkreter Rechtsverletzungen \u00fcbernommen. Haftung f\u00fcr Links Unsere Seiten enthalten Links auf externe Webseiten Dritter. Auf die Inhalte dieser verlinkten Webseiten haben wir keinen Einfluss. F\u00fcr die Richtigkeit der Inhalte ist immer der jeweilige Anbieter oder Betreiber verantwortlich, weshalb wir diesbez\u00fcglich keinerlei Gew\u00e4hr \u00fcbernehmen. Die fremden Webseiten haben wir zum Zeitpunkt der Verlinkung auf m\u00f6gliche Rechtsverst\u00f6\u00dfe \u00fcberpr\u00fcft. Zum Zeitpunkt der Verlinkung waren keinerlei Rechtsverletzungen erkennbar. Eine st\u00e4ndige \u00dcberpr\u00fcfung s\u00e4mtlicher Inhalte der von uns verlinkten Seiten ohne tats\u00e4chliche Anhaltspunkte f\u00fcr einen Rechtsversto\u00df k\u00f6nnen wir nicht leisten. Falls uns Rechtsverletzungen bekannt werden, werden wir die entsprechenden Links sofort entfernen.<\/p>\n<p><strong>Urheberrecht:<\/strong><\/p>\n<p>Die durch den Betreiber dieser Seite erstellten Inhalte und Werke auf diesen Webseiten unterliegen dem deutschen Urheberrecht. S\u00e4mtliche Beitr\u00e4ge Dritter sind als solche gekennzeichnet. Die Vervielf\u00e4ltigung, Bearbeitung, Verbreitung und jede Art der Verwertung au\u00dferhalb der Grenzen des Urheberrechts bed\u00fcrfen der schriftlichen Zustimmung des jeweiligen Autors bzw. Erstellers. Kopien von diesen Seiten sind nur f\u00fcr den privaten Bereich gestattet, nicht jedoch f\u00fcr kommerzielle Zwecke.<\/p>\n<p><strong>Datenschutz<\/strong><\/p>\n<p>F\u00fcr die Sicherheit der Daten\u00fcbertragung im Internet k\u00f6nnen wir keine Gew\u00e4hr \u00fcbernehmen, insbesondere besteht bei der \u00dcbertragung von Daten per E-Mail die Gefahr des Zugriffs durch Dritte. Im Falle der Erhebung personenbezogener Daten auf unseren Seiten erfolgt die Preisgabe dieser Daten seitens des Nutzers stets auf freiwilliger Basis. Die Inanspruchnahme und Bezahlung aller angebotenen Dienste ist auch ohne Angabe solcher Daten bzw. unter Angabe anonymisierter Daten oder eines Pseudonyms gestattet, soweit dies technisch m\u00f6glich und zumutbar ist. Einer Nutzung der im Impressum ver\u00f6ffentlichten Kontaktdaten durch Dritte zu Werbezwecken wird hiermit ausdr\u00fccklich widersprochen. Der Betreiber beh\u00e4lt sich f\u00fcr den Fall unverlangt zugesandter Werbe- oder Informationsmaterialien ausdr\u00fccklich rechtliche Schritte vor. Rechtswirksamkeit dieses Haftungsausschlusses Sollten einzelne Regelungen oder Formulierungen dieses Haftungsausschlusses unwirksam sein oder werden, bleiben die \u00fcbrigen Regelungen in ihrem Inhalt und ihrer G\u00fcltigkeit hiervon unber\u00fchrt. Quelle: anwalt-seiten.de<\/p>\n<p><strong>\u00dcbrigens<\/strong><\/p>\n<p>Alle verwendeten Sammelbezeichnungen gelten f\u00fcr M\u00e4nner und Frauen gleicherma\u00dfen und sind deshalb als geschlechtsneutral anzusehen.[\/vc_column_text][\/vc_column][\/vc_row]<\/p>\n<\/section>","protected":false},"excerpt":{"rendered":"<p>[vc_row overlap=&#8221;top&#8221;][vc_column][\/vc_column][\/vc_row][vc_row][vc_column width=&#8221;1\/2&#8243;][vc_column_text]Short Way Solution GmbH Oskar-von-Miller-Ring 1 80333 M\u00fcnchen Tel.: +49 (0)89 35 40 47 15-17 Fax: +49 (0)89 35 40 47 19 E-Mail info@shortwaysolution.com Finanzamt: Steuernummer: 144\/203\/91049 Finanzamt M\u00fcnchen I Registergericht M\u00fcnchen HRB 223959 [\/vc_column_text][\/vc_column][vc_column width=&#8221;1\/2&#8243;][vc_column_text]Gesch\u00e4ftsf\u00fchrung: Yelda Doyuran Verantwortlich f\u00fcr Inhalt: Yelda Doyuran Plattform der Europ\u00e4ischen Kommission zur Online-Streitbeilegung (OS) f\u00fcr Verbraucher:\u00a0https:\/\/ec.europa.eu\/consumers\/odr\/. Wir [&hellip;]<\/p>\n","protected":false},"author":1,"featured_media":0,"parent":0,"menu_order":0,"comment_status":"closed","ping_status":"closed","template":"","meta":{"footnotes":""},"class_list":["post-364","page","type-page","status-publish","hentry"],"_links":{"self":[{"href":"https:\/\/shortwaysolution.com\/cms\/wp-json\/wp\/v2\/pages\/364"}],"collection":[{"href":"https:\/\/shortwaysolution.com\/cms\/wp-json\/wp\/v2\/pages"}],"about":[{"href":"https:\/\/shortwaysolution.com\/cms\/wp-json\/wp\/v2\/types\/page"}],"author":[{"embeddable":true,"href":"https:\/\/shortwaysolution.com\/cms\/wp-json\/wp\/v2\/users\/1"}],"replies":[{"embeddable":true,"href":"https:\/\/shortwaysolution.com\/cms\/wp-json\/wp\/v2\/comments?post=364"}],"version-history":[{"count":0,"href":"https:\/\/shortwaysolution.com\/cms\/wp-json\/wp\/v2\/pages\/364\/revisions"}],"wp:attachment":[{"href":"https:\/\/shortwaysolution.com\/cms\/wp-json\/wp\/v2\/media?parent=364"}],"curies":[{"name":"wp","href":"https:\/\/api.w.org\/{rel}","templated":true}]}}