{"id":2,"date":"2020-04-26T15:12:21","date_gmt":"2020-04-26T13:12:21","guid":{"rendered":"http:\/\/shortwaysolution.com\/cms\/?page_id=2"},"modified":"2026-03-26T19:42:02","modified_gmt":"2026-03-26T18:42:02","slug":"startseite","status":"publish","type":"page","link":"https:\/\/shortwaysolution.com\/cms\/","title":{"rendered":"Startseite"},"content":{"rendered":"<section class=\"wpb-content-wrapper\"><p>[vc_row][vc_column overlap=&#8221;top&#8221; overlap_distance=&#8221;150px&#8221;][vc_empty_space height=&#8221;50px&#8221;]\n\t\t\t<!-- START Home REVOLUTION SLIDER 6.7.7 --><p class=\"rs-p-wp-fix\"><\/p>\n\t\t\t<rs-module-wrap id=\"rev_slider_5_1_wrapper\" data-source=\"gallery\" style=\"visibility:hidden;background:transparent;padding:0;margin:0px auto;margin-top:0px;margin-bottom:0;\">\n\t\t\t\t<rs-module id=\"rev_slider_5_1\" style=\"\" data-version=\"6.7.7\">\n\t\t\t\t\t<rs-slides style=\"overflow: hidden; position: absolute;\">\n\t\t\t\t\t\t<rs-slide style=\"position: absolute;\" data-key=\"rs-5\" data-title=\"Slide\" data-anim=\"ms:1000;r:0;\" data-in=\"o:0;\" data-out=\"a:false;\">\n\t\t\t\t\t\t\t<img decoding=\"async\" src=\"\/\/shortwaysolution.com\/cms\/wp-content\/plugins\/revslider677n\/sr6\/assets\/assets\/dummy.png\" alt=\"\" title=\"Startseite\" class=\"rev-slidebg tp-rs-img rs-lazyload\" data-lazyload=\"\/\/shortwaysolution.com\/cms\/wp-content\/plugins\/revslider677n\/sr6\/assets\/assets\/transparent.png\" data-no-retina>\n\t\t\t\t\t\t\t<rs-bgvideo \n\t\t\t\t\t\t\t\tdata-video=\"w:100%;h:100%;nse:false;l:true;ptimer:false;vfc:true;\"\n\t\t\t\t\t\t\t\tdata-mp4=\"\/\/shortwaysolution.com\/cms\/wp-content\/uploads\/2022\/01\/Imagefilm-Short-Way-Solution-1080p.mp4\"\n\t\t\t\t\t\t\t><\/rs-bgvideo>\n<!---->\t\t\t\t\t<\/rs-slide>\n\t\t\t\t\t<\/rs-slides>\n\t\t\t\t<\/rs-module>\n\t\t\t\t<script>\n\t\t\t\t\tsetREVStartSize({c: 'rev_slider_5_1',rl:[1600,1024,778,480],el:[350,350,200,200],gw:[1240,1024,778,480],gh:[350,350,200,200],type:'standard',justify:'',layout:'fullwidth',mh:\"0\"});if (window.RS_MODULES!==undefined && window.RS_MODULES.modules!==undefined && window.RS_MODULES.modules[\"revslider51\"]!==undefined) {window.RS_MODULES.modules[\"revslider51\"].once = false;window.revapi5 = undefined;if (window.RS_MODULES.checkMinimal!==undefined) window.RS_MODULES.checkMinimal()}\n\t\t\t\t<\/script>\n\t\t\t<\/rs-module-wrap>\n\t\t\t<!-- END REVOLUTION SLIDER -->\n[vc_empty_space height=&#8221;20px&#8221;][wyde_separator label_style=&#8221;text&#8221; text_align=&#8221;center&#8221; el_width=&#8221;100%&#8221; title=&#8221;Short Way Solution&#8221; color=&#8221;#dd3333&#8243;][vc_empty_space height=&#8221;20px&#8221;][vc_row_inner disable_element=&#8221;yes&#8221; background_image=&#8221;200&#8243; bg_image_url=&#8221;https:\/\/shortwaysolution.com\/cms\/wp-content\/uploads\/2020\/04\/dark-background-texture-of-beech-hd-150&#215;150.jpg&#8221;][vc_column_inner][vc_single_image alignment=&#8221;center&#8221; image=&#8221;901&#8243;][\/vc_column_inner][\/vc_row_inner][vc_empty_space height=&#8221;50px&#8221;][vc_row_inner][vc_column_inner width=&#8221;1\/2&#8243;][vc_single_image style=&#8221;round-outline&#8221; alignment=&#8221;center&#8221; onclick=&#8221;custom_link&#8221; image=&#8221;916&#8243; link=&#8221;https:\/\/shortwaysolution.com\/cms\/solution&#8221;][vc_empty_space height=&#8221;20px&#8221;][\/vc_column_inner][vc_column_inner width=&#8221;1\/2&#8243;][wyde_heading title_tag=&#8221;h5&#8243; subheading_tag=&#8221;p&#8221; style=&#8221;7&#8243; text_align=&#8221;left&#8221; subheading=&#8221;Wir unterst\u00fctzen ihr Unternehmen bei der Besetzung offener Stellen mit unserer Expertise und langj\u00e4hrigen Erfahrung, damit Sie mit dem richtigen Kandidaten ihre Ziele erreichen und mit voller Power in die Zukunft starten! Mit vollem Engagement unterst\u00fctzen wir Sie dabei: Wir bilden ein Vertrauensverh\u00e4ltnis zum Unternehmen, kennen die Organisation und die Bed\u00fcrfnisse. Kern unserer Arbeit bei der erfolgreichen Besetzung von Fachspezialisten aller Bereiche ist die pr\u00e4zise Beurteilung der Mandanten. Hierbei legen wir vor allem Wert auf&#8230; &#8221; title=&#8221;Solution&#8221;][\/vc_column_inner][\/vc_row_inner][vc_row_inner disable_element=&#8221;yes&#8221;][vc_column_inner width=&#8221;1\/3&#8243;][vc_single_image style=&#8221;round-outline&#8221; alignment=&#8221;center&#8221; onclick=&#8221;custom_link&#8221; image=&#8221;916&#8243; link=&#8221;https:\/\/shortwaysolution.com\/cms\/solution&#8221;][vc_empty_space height=&#8221;20px&#8221;][wyde_heading title_tag=&#8221;h5&#8243; subheading_tag=&#8221;p&#8221; style=&#8221;7&#8243; text_align=&#8221;left&#8221; subheading=&#8221;Wir unterst\u00fctzen ihr Unternehmen bei der Besetzung offener Stellen mit unserer Expertise und langj\u00e4hrigen Erfahrung, damit Sie mit dem richtigen Kandidaten ihre Ziele erreichen und mit voller Power in die Zukunft starten!&#8221; title=&#8221;Solution&#8221;][\/vc_column_inner][vc_column_inner width=&#8221;1\/3&#8243;][vc_single_image style=&#8221;round-outline&#8221; alignment=&#8221;center&#8221; onclick=&#8221;custom_link&#8221; image=&#8221;918&#8243; link=&#8221;https:\/\/shortwaysolution.com\/cms\/projects&#8221;][vc_empty_space height=&#8221;20px&#8221;][wyde_heading title_tag=&#8221;h5&#8243; subheading_tag=&#8221;p&#8221; style=&#8221;7&#8243; text_align=&#8221;left&#8221; subheading=&#8221;Wir unterst\u00fctzen Sie bei Ihren zeitlich befristeten Projekten mit Freiberuflern und Interimsmanagern, welche durch Ihre Fachkompetenzen Ihr Projekt zum Erfolg f\u00fchren.&#8221; title=&#8221;Projects&#8221;][\/vc_column_inner][vc_column_inner width=&#8221;1\/3&#8243;][vc_single_image style=&#8221;round-outline&#8221; alignment=&#8221;center&#8221; onclick=&#8221;custom_link&#8221; image=&#8221;1114&#8243; link=&#8221;https:\/\/shortwaysolution.com\/cms\/coaching&#8221;][vc_empty_space height=&#8221;20px&#8221;][wyde_heading title_tag=&#8221;h5&#8243; subheading_tag=&#8221;p&#8221; style=&#8221;7&#8243; text_align=&#8221;left&#8221; subheading=&#8221;Wir unterst\u00fctzen Sie als Sparringspartner bei Ihren aktuellen Herausforderungen. Gemeinsam evaluieren wir Ihre St\u00e4rken und aktivieren sie. Es gibt viele gute Gr\u00fcnde, sich f\u00fcr ein Coaching zu entscheiden \u2013 berufliche wie auch private.&#8221; title=&#8221;Coaching&#8221;][\/vc_column_inner][\/vc_row_inner][wyde_separator text_align=&#8221;center&#8221; el_width=&#8221;100%&#8221; color=&#8221;#dd3333&#8243;][\/vc_column][\/vc_row][vc_row overlap=&#8221;top&#8221; overlap_distance=&#8221;200px&#8221; background_color=&#8221;#e8e8e8&#8243;][vc_column width=&#8221;1\/3&#8243;][wyde_info_box icon_size=&#8221;medium&#8221; color=&#8221;#dd3333&#8243; title=&#8221;Bed\u00fcrfnisse erkennen&#8221; icon=&#8221;fa fa-lightbulb-o&#8221;]In intensiven Gespr\u00e4chen erkennen, analysieren und definieren wir gemeinsam die Anforderungen und Erwartungen an die Zusammenarbeit.[\/wyde_info_box][\/vc_column][vc_column width=&#8221;1\/3&#8243;][wyde_info_box icon_size=&#8221;medium&#8221; color=&#8221;#dd3333&#8243; title=&#8221;Zusammenarbeit die zum Erfolg f\u00fchrt&#8221; icon=&#8221;fa fa-line-chart&#8221;]Unser Ziel ist es, Ihnen mit unserer Unterst\u00fctzung den Weg zu der erfolgreichen Umsetzung Ihrer Visionen zu erleichtern.[\/wyde_info_box][\/vc_column][vc_column width=&#8221;1\/3&#8243;][wyde_info_box icon_size=&#8221;medium&#8221; color=&#8221;#dd3333&#8243; title=&#8221;Den Erfolg sichern&#8221; icon=&#8221;fa fa-trophy&#8221;]Wir haben den Ehrgeiz, dass bei der Zusammenarbeit sowohl die Erwartungen des Unternehmens als auch die des Mandanten mehr als erf\u00fcllt werden.[\/wyde_info_box][\/vc_column][\/vc_row][vc_row overlap=&#8221;top&#8221; overlap_distance=&#8221;250px&#8221; disable_element=&#8221;yes&#8221;][vc_column][vc_column_text][testimonial_view id=&#8221;1&#8243;][\/vc_column_text][\/vc_column][\/vc_row]<\/p>\n<\/section>","protected":false},"excerpt":{"rendered":"<p>[vc_row][vc_column overlap=&#8221;top&#8221; overlap_distance=&#8221;150px&#8221;][vc_empty_space height=&#8221;50px&#8221;][vc_empty_space height=&#8221;20px&#8221;][wyde_separator label_style=&#8221;text&#8221; text_align=&#8221;center&#8221; el_width=&#8221;100%&#8221; title=&#8221;Short Way Solution&#8221; color=&#8221;#dd3333&#8243;][vc_empty_space height=&#8221;20px&#8221;][vc_row_inner disable_element=&#8221;yes&#8221; background_image=&#8221;200&#8243; bg_image_url=&#8221;https:\/\/shortwaysolution.com\/cms\/wp-content\/uploads\/2020\/04\/dark-background-texture-of-beech-hd-150&#215;150.jpg&#8221;][vc_column_inner][vc_single_image alignment=&#8221;center&#8221; image=&#8221;901&#8243;][\/vc_column_inner][\/vc_row_inner][vc_empty_space height=&#8221;50px&#8221;][vc_row_inner][vc_column_inner width=&#8221;1\/2&#8243;][vc_single_image style=&#8221;round-outline&#8221; alignment=&#8221;center&#8221; onclick=&#8221;custom_link&#8221; image=&#8221;916&#8243; link=&#8221;https:\/\/shortwaysolution.com\/cms\/solution&#8221;][vc_empty_space height=&#8221;20px&#8221;][\/vc_column_inner][vc_column_inner width=&#8221;1\/2&#8243;][wyde_heading title_tag=&#8221;h5&#8243; subheading_tag=&#8221;p&#8221; style=&#8221;7&#8243; text_align=&#8221;left&#8221; subheading=&#8221;Wir unterst\u00fctzen ihr Unternehmen bei der Besetzung offener Stellen mit unserer Expertise und langj\u00e4hrigen Erfahrung, damit Sie mit dem richtigen Kandidaten ihre Ziele erreichen [&hellip;]<\/p>\n","protected":false},"author":1,"featured_media":0,"parent":0,"menu_order":0,"comment_status":"closed","ping_status":"closed","template":"","meta":{"footnotes":""},"class_list":["post-2","page","type-page","status-publish","hentry"],"_links":{"self":[{"href":"https:\/\/shortwaysolution.com\/cms\/wp-json\/wp\/v2\/pages\/2"}],"collection":[{"href":"https:\/\/shortwaysolution.com\/cms\/wp-json\/wp\/v2\/pages"}],"about":[{"href":"https:\/\/shortwaysolution.com\/cms\/wp-json\/wp\/v2\/types\/page"}],"author":[{"embeddable":true,"href":"https:\/\/shortwaysolution.com\/cms\/wp-json\/wp\/v2\/users\/1"}],"replies":[{"embeddable":true,"href":"https:\/\/shortwaysolution.com\/cms\/wp-json\/wp\/v2\/comments?post=2"}],"version-history":[{"count":15,"href":"https:\/\/shortwaysolution.com\/cms\/wp-json\/wp\/v2\/pages\/2\/revisions"}],"predecessor-version":[{"id":3540,"href":"https:\/\/shortwaysolution.com\/cms\/wp-json\/wp\/v2\/pages\/2\/revisions\/3540"}],"wp:attachment":[{"href":"https:\/\/shortwaysolution.com\/cms\/wp-json\/wp\/v2\/media?parent=2"}],"curies":[{"name":"wp","href":"https:\/\/api.w.org\/{rel}","templated":true}]}}